{"id":10213,"date":"2025-05-02T09:51:39","date_gmt":"2025-05-02T09:51:39","guid":{"rendered":"https:\/\/faribeault.fr\/?page_id=10213"},"modified":"2025-05-09T15:09:49","modified_gmt":"2025-05-09T15:09:49","slug":"mentions-legales","status":"publish","type":"page","link":"https:\/\/faribeault.fr\/index.php\/mentions-legales\/","title":{"rendered":"Mentions l\u00e9gales"},"content":{"rendered":"\t\t<div data-elementor-type=\"wp-page\" data-elementor-id=\"10213\" class=\"elementor elementor-10213\">\n\t\t\t\t<div class=\"elementor-element elementor-element-927b78d e-flex e-con-boxed e-con e-parent\" data-id=\"927b78d\" data-element_type=\"container\" data-e-type=\"container\">\n\t\t\t\t\t<div class=\"e-con-inner\">\n\t\t\t\t<div class=\"elementor-element elementor-element-ccc88c8 elementor-widget elementor-widget-hub_fancy_heading\" data-id=\"ccc88c8\" data-element_type=\"widget\" data-e-type=\"widget\" data-widget_type=\"hub_fancy_heading.default\">\n\t\t\t\t<div class=\"elementor-widget-container\">\n\t\t\t\t\t\n\t\t<div id=\"ld-fancy-heading-69e21e7eaeaa0\" class=\"ld-fancy-heading pos-rel\">\n\t\t\t<h1 class=\"ld-fh-element d-inline-block pos-rel  elementor-heading-title lqd-highlight-classic lqd-highlight-grow-left h1\"  > Mentions l\u00e9gales <\/h1>\t\t<\/div>\n\n\t\t\t\t\t\t<\/div>\n\t\t\t\t<\/div>\n\t\t\t\t<div class=\"elementor-element elementor-element-cab8138 elementor-widget elementor-widget-text-editor\" data-id=\"cab8138\" data-element_type=\"widget\" data-e-type=\"widget\" data-widget_type=\"text-editor.default\">\n\t\t\t\t<div class=\"elementor-widget-container\">\n\t\t\t\t\t\t\t\t\t<h3><strong>Informations l\u00e9gales<\/strong><\/h3><p><span style=\"font-weight: 400;\">La poursuite de la navigation sur ce site vaut acceptation sans r\u00e9serve des dispositions et conditions d\u2019utilisation qui suivent. La version actuellement en ligne de ces conditions d\u2019utilisation est la seule opposable pendant toute la dur\u00e9e d\u2019utilisation du site et jusqu\u2019\u00e0 ce qu\u2019une nouvelle version la remplace.\u00a0<\/span><\/p><h3><strong>Site\u00a0<\/strong><\/h3><p><span style=\"font-weight: 400;\"><strong>Propri\u00e9taire\u00a0<\/strong>:<\/span> Bruno FARIBEAULT, <span style=\"font-weight: 400;\">SARL FARIBEAULT<\/span><br \/><strong>SIRET : <\/strong>44429594300039<br \/><strong>Adresse du si\u00e8ge : <\/strong>111 RUE DU MARAIS, 91210 DRAVEIL France<br \/><strong>Activit\u00e9s :<\/strong>Travaux de rev\u00eatement des sols et des murs\u00a0<\/p><p><span style=\"font-weight: 400;\"><strong>Cr\u00e9ateur\u00a0<\/strong>:<\/span><span style=\"font-weight: 400;\"> Agence Germain<\/span><br \/><strong>Contact\u00a0: <\/strong><span style=\"font-weight: 400;\">01 83 63 98 76<\/span><span style=\"font-weight: 400;\"> \u2013 contact@agence-germain.fr<\/span><\/p><p><strong>Responsable publication<\/strong><span style=\"font-weight: 400;\"> (personne physique ou morale) : FARIBEAULT<\/span><br \/><strong>D\u00e9l\u00e9gu\u00e9 \u00e0 la protection des donn\u00e9es<\/strong><span style=\"font-weight: 400;\"> : FARIBEAULT<\/span><\/p><p><strong>Webmaster<\/strong><span style=\"font-weight: 400;\"><strong>\u00a0:<\/strong> Agence Germain<\/span><\/p><p><strong>H\u00e9bergeur\u00a0:<\/strong><span style=\"font-weight: 400;\"> OVH, <\/span><span style=\"font-weight: 400;\">soci\u00e9t\u00e9 immatricul\u00e9e au RCS de Lille sous le num\u00e9ro 537 407 926 sise 2, rue Kellermann, 59100 Roubaix.<\/span><\/p><h3><strong>Acc\u00e8s au site\u00a0<\/strong><\/h3><p><span style=\"font-weight: 400;\">L\u2019acc\u00e8s au site et son utilisation sont r\u00e9serv\u00e9s \u00e0 un usage strictement personnel. Vous vous engagez \u00e0 ne pas utiliser ce site et les informations ou donn\u00e9es qui y figurent \u00e0 des fins commerciales, politiques, publicitaires et pour toute forme de sollicitation commerciale et notamment l\u2019envoi de courriers \u00e9lectroniques non sollicit\u00e9s.<\/span><\/p><h3><strong>Contenu du site<\/strong><\/h3><p><span style=\"font-weight: 400;\">La structure g\u00e9n\u00e9rale du Site, ainsi que toutes les marques, photographies, textes, articles, commentaires, illustrations, images anim\u00e9es ou non, s\u00e9quences vid\u00e9o, sons, ainsi que toutes les applications informatiques qui pourraient \u00eatre utilis\u00e9es pour faire fonctionner ce site et plus g\u00e9n\u00e9ralement tous les \u00e9l\u00e9ments reproduits ou utilis\u00e9s sur le site sont prot\u00e9g\u00e9s par les lois en vigueur au titre de la propri\u00e9t\u00e9 intellectuelle.<\/span><\/p><p><span style=\"font-weight: 400;\">Ils sont la propri\u00e9t\u00e9 pleine et enti\u00e8re de l\u2019\u00e9diteur ou de ses partenaires. Toute reproduction, repr\u00e9sentation, utilisation ou adaptation, sous quelque forme que ce soit, de tout ou partie de ces \u00e9l\u00e9ments, y compris les applications informatiques, sans l\u2019accord pr\u00e9alable et \u00e9crit de l\u2019\u00e9diteur, sont strictement interdites. Le fait pour l\u2019\u00e9diteur de ne pas engager de proc\u00e9dure d\u00e8s la prise de connaissance de ces utilisations non autoris\u00e9es ne vaut pas acceptation des dites utilisations et renonciation aux poursuites.<\/span><\/p><h3><strong>Protection des donn\u00e9es \u00e0 caract\u00e8re personnel<\/strong><\/h3><p><span style=\"font-weight: 400;\">Notre site utilise essentiellement des cookies fonctionnels. C\u2019est-\u00e0-dire que les donn\u00e9es susceptibles d\u2019\u00eatre collect\u00e9es servent uniquement \u00e0 vous donner acc\u00e8s \u00e0 certaines fonctionnalit\u00e9s essentielles du site (comme la carte GOOGLE MAP, la s\u00e9curisation des formulaires de contact via re-CAPTCHA par GOOGLE et la lecture des vid\u00e9os via VIMEO).<\/span><\/p><p><span style=\"font-weight: 400;\">Ces services (GOOGLE et VIMEO) peuvent r\u00e9colter certaines de vos donn\u00e9es personnelles telles que vos pr\u00e9f\u00e9rences et vos centres int\u00e9r\u00eats afin de personnaliser les publicit\u00e9s ou autres vid\u00e9os sugg\u00e9r\u00e9es en dehors de notre site web. Ils peuvent \u00e9galement r\u00e9colter des informations sur votre adresse IP, votre r\u00e9seau mobile, l\u2019appareil et le navigateur que vous utilisez afin de vous identifier temporairement et de vous diff\u00e9rencier d\u2019un robot.<\/span><\/p><p><span style=\"font-weight: 400;\">Par ailleurs, le Site vous permet de prendre contact avec l\u2019\u00e9quipe <\/span><span style=\"font-weight: 400;\">FARIBEAULT<\/span><span style=\"font-weight: 400;\">. Les informations vous concernant transmises \u00e0 cette occasion ne sont destin\u00e9es qu\u2019\u00e0 l\u2019\u00e9quipe <\/span><span style=\"font-weight: 400;\">FARIBEAULT<\/span><span style=\"font-weight: 400;\"> et ne peuvent \u00eatre transmises \u00e0 des tiers sans votre accord. Ces donn\u00e9es nous permettent de vous r\u00e9pondre efficacement et ont un caract\u00e8re d\u2019int\u00e9r\u00eat l\u00e9gitime afin que votre exp\u00e9rience sur notre site soit optimale.<\/span><\/p><p><span style=\"font-weight: 400;\">Ce site n\u2019utilise pas d\u2019afficheur de publicit\u00e9 ni d\u2019outil de suivi de trafic.<\/span><\/p><p><span style=\"font-weight: 400;\">Vos informations sont conserv\u00e9es 2 ans. Vous pouvez nous demander de supprimer vos informations personnelles quand vous le voulez. Pour cela, il suffit de nous contacter par mail. Nous vous r\u00e9pondrons sous 1 mois et nous appliquerons votre souhait.<\/span><\/p><h3><strong>Loi applicable<\/strong><\/h3><p><span style=\"font-weight: 400;\">Les pr\u00e9sentes conditions d\u2019utilisation du site sont r\u00e9gies par la loi fran\u00e7aise et soumises \u00e0 la comp\u00e9tence des tribunaux de Paris, sous r\u00e9serve d\u2019une attribution de comp\u00e9tence sp\u00e9cifique d\u00e9coulant d\u2019un texte de loi ou r\u00e9glementaire particulier.<\/span><\/p><h3><strong>Contactez-nous<\/strong><\/h3><p><span style=\"font-weight: 400;\">Pour toute question, information sur les services pr\u00e9sent\u00e9s sur le site, ou concernant le site lui-m\u00eame, vous pouvez laisser un message \u00e0 l\u2019adresse suivante : contact@faribeault-chape.com<\/span><\/p>\t\t\t\t\t\t\t\t<\/div>\n\t\t\t\t<\/div>\n\t\t\t\t\t<\/div>\n\t\t\t\t<\/div>\n\t\t\t\t<\/div>\n\t\t","protected":false},"excerpt":{"rendered":"<p>Mentions l\u00e9gales Informations l\u00e9gales La poursuite de la navigation sur ce site vaut acceptation sans r\u00e9serve des dispositions et conditions d\u2019utilisation qui suivent. La version actuellement en ligne de ces conditions d\u2019utilisation est la seule opposable pendant toute la dur\u00e9e d\u2019utilisation du site et jusqu\u2019\u00e0 ce qu\u2019une nouvelle version la remplace.\u00a0 Site\u00a0 Propri\u00e9taire\u00a0: Bruno FARIBEAULT, [&hellip;]<\/p>\n","protected":false},"author":2,"featured_media":0,"parent":0,"menu_order":0,"comment_status":"closed","ping_status":"closed","template":"","meta":{"footnotes":""},"class_list":["post-10213","page","type-page","status-publish","hentry"],"yoast_head":"<!-- This site is optimized with the Yoast SEO plugin v27.4 - https:\/\/yoast.com\/product\/yoast-seo-wordpress\/ -->\n<title>Mentions l\u00e9gales - Faribeault<\/title>\n<meta name=\"robots\" content=\"noindex, follow, max-snippet:-1, max-image-preview:large, max-video-preview:-1\" \/>\n<meta property=\"og:locale\" content=\"fr_FR\" \/>\n<meta property=\"og:type\" content=\"article\" \/>\n<meta property=\"og:title\" content=\"Mentions l\u00e9gales - Faribeault\" \/>\n<meta property=\"og:description\" content=\"Mentions l\u00e9gales Informations l\u00e9gales La poursuite de la navigation sur ce site vaut acceptation sans r\u00e9serve des dispositions et conditions d\u2019utilisation qui suivent. La version actuellement en ligne de ces conditions d\u2019utilisation est la seule opposable pendant toute la dur\u00e9e d\u2019utilisation du site et jusqu\u2019\u00e0 ce qu\u2019une nouvelle version la remplace.\u00a0 Site\u00a0 Propri\u00e9taire\u00a0: Bruno FARIBEAULT, [&hellip;]\" \/>\n<meta property=\"og:url\" content=\"https:\/\/faribeault.fr\/index.php\/mentions-legales\/\" \/>\n<meta property=\"og:site_name\" content=\"Faribeault\" \/>\n<meta property=\"article:modified_time\" content=\"2025-05-09T15:09:49+00:00\" \/>\n<meta name=\"twitter:card\" content=\"summary_large_image\" \/>\n<meta name=\"twitter:label1\" content=\"Dur\u00e9e de lecture estim\u00e9e\" \/>\n\t<meta name=\"twitter:data1\" content=\"4 minutes\" \/>\n<script type=\"application\/ld+json\" class=\"yoast-schema-graph\">{\"@context\":\"https:\\\/\\\/schema.org\",\"@graph\":[{\"@type\":\"WebPage\",\"@id\":\"https:\\\/\\\/faribeault.fr\\\/index.php\\\/mentions-legales\\\/\",\"url\":\"https:\\\/\\\/faribeault.fr\\\/index.php\\\/mentions-legales\\\/\",\"name\":\"Mentions l\u00e9gales - Faribeault\",\"isPartOf\":{\"@id\":\"https:\\\/\\\/faribeault.fr\\\/#website\"},\"datePublished\":\"2025-05-02T09:51:39+00:00\",\"dateModified\":\"2025-05-09T15:09:49+00:00\",\"breadcrumb\":{\"@id\":\"https:\\\/\\\/faribeault.fr\\\/index.php\\\/mentions-legales\\\/#breadcrumb\"},\"inLanguage\":\"fr-FR\",\"potentialAction\":[{\"@type\":\"ReadAction\",\"target\":[\"https:\\\/\\\/faribeault.fr\\\/index.php\\\/mentions-legales\\\/\"]}]},{\"@type\":\"BreadcrumbList\",\"@id\":\"https:\\\/\\\/faribeault.fr\\\/index.php\\\/mentions-legales\\\/#breadcrumb\",\"itemListElement\":[{\"@type\":\"ListItem\",\"position\":1,\"name\":\"Accueil\",\"item\":\"https:\\\/\\\/faribeault.fr\\\/\"},{\"@type\":\"ListItem\",\"position\":2,\"name\":\"Mentions l\u00e9gales\"}]},{\"@type\":\"WebSite\",\"@id\":\"https:\\\/\\\/faribeault.fr\\\/#website\",\"url\":\"https:\\\/\\\/faribeault.fr\\\/\",\"name\":\"Faribeault\",\"description\":\"Carreleur 91\",\"potentialAction\":[{\"@type\":\"SearchAction\",\"target\":{\"@type\":\"EntryPoint\",\"urlTemplate\":\"https:\\\/\\\/faribeault.fr\\\/?s={search_term_string}\"},\"query-input\":{\"@type\":\"PropertyValueSpecification\",\"valueRequired\":true,\"valueName\":\"search_term_string\"}}],\"inLanguage\":\"fr-FR\"}]}<\/script>\n<!-- \/ Yoast SEO plugin. -->","yoast_head_json":{"title":"Mentions l\u00e9gales - Faribeault","robots":{"index":"noindex","follow":"follow","max-snippet":"max-snippet:-1","max-image-preview":"max-image-preview:large","max-video-preview":"max-video-preview:-1"},"og_locale":"fr_FR","og_type":"article","og_title":"Mentions l\u00e9gales - Faribeault","og_description":"Mentions l\u00e9gales Informations l\u00e9gales La poursuite de la navigation sur ce site vaut acceptation sans r\u00e9serve des dispositions et conditions d\u2019utilisation qui suivent. La version actuellement en ligne de ces conditions d\u2019utilisation est la seule opposable pendant toute la dur\u00e9e d\u2019utilisation du site et jusqu\u2019\u00e0 ce qu\u2019une nouvelle version la remplace.\u00a0 Site\u00a0 Propri\u00e9taire\u00a0: Bruno FARIBEAULT, [&hellip;]","og_url":"https:\/\/faribeault.fr\/index.php\/mentions-legales\/","og_site_name":"Faribeault","article_modified_time":"2025-05-09T15:09:49+00:00","twitter_card":"summary_large_image","twitter_misc":{"Dur\u00e9e de lecture estim\u00e9e":"4 minutes"},"schema":{"@context":"https:\/\/schema.org","@graph":[{"@type":"WebPage","@id":"https:\/\/faribeault.fr\/index.php\/mentions-legales\/","url":"https:\/\/faribeault.fr\/index.php\/mentions-legales\/","name":"Mentions l\u00e9gales - Faribeault","isPartOf":{"@id":"https:\/\/faribeault.fr\/#website"},"datePublished":"2025-05-02T09:51:39+00:00","dateModified":"2025-05-09T15:09:49+00:00","breadcrumb":{"@id":"https:\/\/faribeault.fr\/index.php\/mentions-legales\/#breadcrumb"},"inLanguage":"fr-FR","potentialAction":[{"@type":"ReadAction","target":["https:\/\/faribeault.fr\/index.php\/mentions-legales\/"]}]},{"@type":"BreadcrumbList","@id":"https:\/\/faribeault.fr\/index.php\/mentions-legales\/#breadcrumb","itemListElement":[{"@type":"ListItem","position":1,"name":"Accueil","item":"https:\/\/faribeault.fr\/"},{"@type":"ListItem","position":2,"name":"Mentions l\u00e9gales"}]},{"@type":"WebSite","@id":"https:\/\/faribeault.fr\/#website","url":"https:\/\/faribeault.fr\/","name":"Faribeault","description":"Carreleur 91","potentialAction":[{"@type":"SearchAction","target":{"@type":"EntryPoint","urlTemplate":"https:\/\/faribeault.fr\/?s={search_term_string}"},"query-input":{"@type":"PropertyValueSpecification","valueRequired":true,"valueName":"search_term_string"}}],"inLanguage":"fr-FR"}]}},"_links":{"self":[{"href":"https:\/\/faribeault.fr\/index.php\/wp-json\/wp\/v2\/pages\/10213","targetHints":{"allow":["GET"]}}],"collection":[{"href":"https:\/\/faribeault.fr\/index.php\/wp-json\/wp\/v2\/pages"}],"about":[{"href":"https:\/\/faribeault.fr\/index.php\/wp-json\/wp\/v2\/types\/page"}],"author":[{"embeddable":true,"href":"https:\/\/faribeault.fr\/index.php\/wp-json\/wp\/v2\/users\/2"}],"replies":[{"embeddable":true,"href":"https:\/\/faribeault.fr\/index.php\/wp-json\/wp\/v2\/comments?post=10213"}],"version-history":[{"count":14,"href":"https:\/\/faribeault.fr\/index.php\/wp-json\/wp\/v2\/pages\/10213\/revisions"}],"predecessor-version":[{"id":10251,"href":"https:\/\/faribeault.fr\/index.php\/wp-json\/wp\/v2\/pages\/10213\/revisions\/10251"}],"wp:attachment":[{"href":"https:\/\/faribeault.fr\/index.php\/wp-json\/wp\/v2\/media?parent=10213"}],"curies":[{"name":"wp","href":"https:\/\/api.w.org\/{rel}","templated":true}]}}